{"id":1425,"date":"2023-06-26T14:27:41","date_gmt":"2023-06-26T19:27:41","guid":{"rendered":"https:\/\/fchs.unsa.edu.pe\/turismo\/?page_id=1425"},"modified":"2023-06-26T14:27:41","modified_gmt":"2023-06-26T19:27:41","slug":"competencias-especificas","status":"publish","type":"page","link":"https:\/\/fchs.unsa.edu.pe\/turismo\/competencias-especificas\/","title":{"rendered":"Competencias Espec\u00edficas"},"content":{"rendered":"<p>COMPETENCIAS ESPEC\u00cdFICAS<br \/>\nE1. Genera planes de emprendimiento y negocios para el sector turismo de acuerdo a las oportunidades del mercado en el \u00e1mbito local, regional y nacional.<br \/>\nE2. Desarrolla la capacidad de direcci\u00f3n respondiendo a las necesidades de las instituciones p\u00fablicas y privadas del sector turismo, con manejo responsable de los<br \/>\nrecursos econ\u00f3micos, materiales y humanos, con valores \u00e9ticos, en el \u00e1mbito local, regional y nacional.<br \/>\nE3. Determina la realidad del sector tur\u00edstico para generar nuevas propuestas de soluci\u00f3n y oportunidades que respondan a los objetivos de desarrollo del milenio y los<br \/>\nplanes de desarrollo locales, en el \u00e1mbito local, regional y nacional.<br \/>\nE4. Promueve destinos tur\u00edsticos y productos para el desarrollo del turismo con sostenibilidad y responsabilidad social en el \u00e1mbito local, regional, nacional.<br \/>\nE5. Proyecta planes, proyectos y programas para el desarrollo del turismo y hoteler\u00eda con sostenibilidad, en el \u00e1mbito local, regional, nacional.<br \/>\nE6. Interpreta su realidad a partir de los procesos hist\u00f3ricos y la diversidad cultural, fortaleciendo su identidad local y nacional contribuyendo al desarrollo de una sociedad<br \/>\nintercultural.<\/p>\n","protected":false},"excerpt":{"rendered":"<p>COMPETENCIAS ESPEC\u00cdFICAS E1. Genera planes de emprendimiento y negocios para el sector turismo de acuerdo a las oportunidades del mercado en el \u00e1mbito local, regional y nacional. E2. Desarrolla la capacidad de direcci\u00f3n respondiendo a las necesidades de las instituciones p\u00fablicas y privadas del sector turismo, con manejo responsable de los recursos econ\u00f3micos, materiales y [&hellip;]<\/p>\n","protected":false},"author":6,"featured_media":0,"parent":0,"menu_order":0,"comment_status":"closed","ping_status":"closed","template":"","meta":{"_acf_changed":false,"footnotes":""},"class_list":["post-1425","page","type-page","status-publish","hentry"],"acf":[],"_links":{"self":[{"href":"https:\/\/fchs.unsa.edu.pe\/turismo\/wp-json\/wp\/v2\/pages\/1425","targetHints":{"allow":["GET"]}}],"collection":[{"href":"https:\/\/fchs.unsa.edu.pe\/turismo\/wp-json\/wp\/v2\/pages"}],"about":[{"href":"https:\/\/fchs.unsa.edu.pe\/turismo\/wp-json\/wp\/v2\/types\/page"}],"author":[{"embeddable":true,"href":"https:\/\/fchs.unsa.edu.pe\/turismo\/wp-json\/wp\/v2\/users\/6"}],"replies":[{"embeddable":true,"href":"https:\/\/fchs.unsa.edu.pe\/turismo\/wp-json\/wp\/v2\/comments?post=1425"}],"version-history":[{"count":1,"href":"https:\/\/fchs.unsa.edu.pe\/turismo\/wp-json\/wp\/v2\/pages\/1425\/revisions"}],"predecessor-version":[{"id":1426,"href":"https:\/\/fchs.unsa.edu.pe\/turismo\/wp-json\/wp\/v2\/pages\/1425\/revisions\/1426"}],"wp:attachment":[{"href":"https:\/\/fchs.unsa.edu.pe\/turismo\/wp-json\/wp\/v2\/media?parent=1425"}],"curies":[{"name":"wp","href":"https:\/\/api.w.org\/{rel}","templated":true}]}}