{"id":1432,"date":"2023-06-26T14:34:22","date_gmt":"2023-06-26T19:34:22","guid":{"rendered":"https:\/\/fchs.unsa.edu.pe\/turismo\/?page_id=1432"},"modified":"2023-06-26T14:34:22","modified_gmt":"2023-06-26T19:34:22","slug":"perfil-de-ingreso","status":"publish","type":"page","link":"https:\/\/fchs.unsa.edu.pe\/turismo\/perfil-de-ingreso\/","title":{"rendered":"Perfil de Ingreso"},"content":{"rendered":"<p>PERFIL DE INGRESO<br \/>\n\u2022 Poseer conocimiento de las matem\u00e1ticas b\u00e1sicas que se dictan en Educaci\u00f3n B\u00e1sica Regular EBR.<br \/>\n\u2022 Disponer de un \u00e1gil razonamiento, que le permita resolver r\u00e1pidamente problemas planteados.<br \/>\n\u2022 Tener habilidad en la comprensi\u00f3n de lectura y redacci\u00f3n de textos.<br \/>\n\u2022 Aprecia las manifestaciones sociales, art\u00edsticas y culturales, locales, regionales y nacionales.<br \/>\n\u2022 Posee habilidades para comunicarse en una lengua extranjera.<\/p>\n","protected":false},"excerpt":{"rendered":"<p>PERFIL DE INGRESO \u2022 Poseer conocimiento de las matem\u00e1ticas b\u00e1sicas que se dictan en Educaci\u00f3n B\u00e1sica Regular EBR. \u2022 Disponer de un \u00e1gil razonamiento, que le permita resolver r\u00e1pidamente problemas planteados. \u2022 Tener habilidad en la comprensi\u00f3n de lectura y redacci\u00f3n de textos. \u2022 Aprecia las manifestaciones sociales, art\u00edsticas y culturales, locales, regionales y nacionales. [&hellip;]<\/p>\n","protected":false},"author":6,"featured_media":0,"parent":0,"menu_order":0,"comment_status":"closed","ping_status":"closed","template":"","meta":{"_acf_changed":false,"footnotes":""},"class_list":["post-1432","page","type-page","status-publish","hentry"],"acf":[],"_links":{"self":[{"href":"https:\/\/fchs.unsa.edu.pe\/turismo\/wp-json\/wp\/v2\/pages\/1432","targetHints":{"allow":["GET"]}}],"collection":[{"href":"https:\/\/fchs.unsa.edu.pe\/turismo\/wp-json\/wp\/v2\/pages"}],"about":[{"href":"https:\/\/fchs.unsa.edu.pe\/turismo\/wp-json\/wp\/v2\/types\/page"}],"author":[{"embeddable":true,"href":"https:\/\/fchs.unsa.edu.pe\/turismo\/wp-json\/wp\/v2\/users\/6"}],"replies":[{"embeddable":true,"href":"https:\/\/fchs.unsa.edu.pe\/turismo\/wp-json\/wp\/v2\/comments?post=1432"}],"version-history":[{"count":1,"href":"https:\/\/fchs.unsa.edu.pe\/turismo\/wp-json\/wp\/v2\/pages\/1432\/revisions"}],"predecessor-version":[{"id":1433,"href":"https:\/\/fchs.unsa.edu.pe\/turismo\/wp-json\/wp\/v2\/pages\/1432\/revisions\/1433"}],"wp:attachment":[{"href":"https:\/\/fchs.unsa.edu.pe\/turismo\/wp-json\/wp\/v2\/media?parent=1432"}],"curies":[{"name":"wp","href":"https:\/\/api.w.org\/{rel}","templated":true}]}}