{"id":1436,"date":"2023-06-26T14:37:42","date_gmt":"2023-06-26T19:37:42","guid":{"rendered":"https:\/\/fchs.unsa.edu.pe\/turismo\/?page_id=1436"},"modified":"2026-02-03T12:37:45","modified_gmt":"2026-02-03T17:37:45","slug":"objetivos-educacionales","status":"publish","type":"page","link":"https:\/\/fchs.unsa.edu.pe\/turismo\/objetivos-educacionales\/","title":{"rendered":"OBJETIVOS EDUCACIONALES"},"content":{"rendered":"<ol>\n<li>\n<h4><strong>Aprendizaje continuo y capacidad investigativa:<\/strong> Realiza asesor\u00edas en empresas e instituciones del sector tur\u00edstico, hotelero y de restauraci\u00f3n, aplicando una perspectiva investigativa para diagnosticar problemas y proponer soluciones innovadoras que contribuyan a la mejora continua y al desarrollo sostenible de las organizaciones.<\/h4>\n<\/li>\n<li>\n<h4><strong>Trabajo en equipo, liderazgo, comunicaci\u00f3n, valores:<\/strong> Se desempe\u00f1a de manera profesional y competente en la direcci\u00f3n y administraci\u00f3n de empresas hoteleras, de restauraci\u00f3n y de servicios tur\u00edsticos, tanto p\u00fablicas como privadas, garantizando un servicio de calidad y excelencia.<\/h4>\n<\/li>\n<li>\n<h4><strong>Emprendimiento e innovaci\u00f3n:<\/strong> Eval\u00faa, formula y lleva adelante proyectos de emprendimiento y gesti\u00f3n en el sector tur\u00edstico y hotelero, promoviendo la creaci\u00f3n de nuevas empresas y oportunidades laborales.<\/h4>\n<\/li>\n<li>\n<h4><strong>Aspectos profesionales:<\/strong> Se desempe\u00f1a con \u00e9tica y competencia en la administraci\u00f3n, guiado y dise\u00f1o de servicios tur\u00edsticos y hoteleros, orientado a la excelencia, la conservaci\u00f3n del patrimonio y la satisfacci\u00f3n del cliente, promoviendo la innovaci\u00f3n y el desarrollo sostenible en el sector.<\/h4>\n<\/li>\n<\/ol>\n","protected":false},"excerpt":{"rendered":"<p>Aprendizaje continuo y capacidad investigativa: Realiza asesor\u00edas en empresas e instituciones del sector tur\u00edstico, hotelero y de restauraci\u00f3n, aplicando una perspectiva investigativa para diagnosticar problemas y proponer soluciones innovadoras que contribuyan a la mejora continua y al desarrollo sostenible de las organizaciones. Trabajo en equipo, liderazgo, comunicaci\u00f3n, valores: Se desempe\u00f1a de manera profesional y competente [&hellip;]<\/p>\n","protected":false},"author":6,"featured_media":0,"parent":0,"menu_order":0,"comment_status":"closed","ping_status":"closed","template":"","meta":{"_acf_changed":false,"footnotes":""},"class_list":["post-1436","page","type-page","status-publish","hentry"],"acf":[],"_links":{"self":[{"href":"https:\/\/fchs.unsa.edu.pe\/turismo\/wp-json\/wp\/v2\/pages\/1436","targetHints":{"allow":["GET"]}}],"collection":[{"href":"https:\/\/fchs.unsa.edu.pe\/turismo\/wp-json\/wp\/v2\/pages"}],"about":[{"href":"https:\/\/fchs.unsa.edu.pe\/turismo\/wp-json\/wp\/v2\/types\/page"}],"author":[{"embeddable":true,"href":"https:\/\/fchs.unsa.edu.pe\/turismo\/wp-json\/wp\/v2\/users\/6"}],"replies":[{"embeddable":true,"href":"https:\/\/fchs.unsa.edu.pe\/turismo\/wp-json\/wp\/v2\/comments?post=1436"}],"version-history":[{"count":6,"href":"https:\/\/fchs.unsa.edu.pe\/turismo\/wp-json\/wp\/v2\/pages\/1436\/revisions"}],"predecessor-version":[{"id":1624,"href":"https:\/\/fchs.unsa.edu.pe\/turismo\/wp-json\/wp\/v2\/pages\/1436\/revisions\/1624"}],"wp:attachment":[{"href":"https:\/\/fchs.unsa.edu.pe\/turismo\/wp-json\/wp\/v2\/media?parent=1436"}],"curies":[{"name":"wp","href":"https:\/\/api.w.org\/{rel}","templated":true}]}}