{"id":1531,"date":"2024-06-05T14:54:36","date_gmt":"2024-06-05T19:54:36","guid":{"rendered":"https:\/\/fchs.unsa.edu.pe\/turismo\/?page_id=1531"},"modified":"2024-06-05T14:55:11","modified_gmt":"2024-06-05T19:55:11","slug":"lineas-de-investigacion-turismo","status":"publish","type":"page","link":"https:\/\/fchs.unsa.edu.pe\/turismo\/lineas-de-investigacion-turismo\/","title":{"rendered":"L\u00edneas de Investigaci\u00f3n"},"content":{"rendered":"<ul>\n<li><a href=\"https:\/\/fchs.unsa.edu.pe\/turismo\/wp-content\/uploads\/sites\/6\/2024\/06\/RCU-N%C2%B0-0246-2022-Lineas-de-investigacion-UNSA.pdf\" target=\"_blank\" rel=\"noopener\">RCU-N\u00b0-0246-2022 L\u00edneas de investigaci\u00f3n UNSA<\/a><\/li>\n<li><a href=\"https:\/\/fchs.unsa.edu.pe\/turismo\/wp-content\/uploads\/sites\/6\/2024\/06\/Lineas-de-investigacion.docx\" target=\"_blank\" rel=\"noopener\">L\u00edneas de Investigaci\u00f3n Programa de Estudio de Turismo y Hoteler\u00eda<\/a><\/li>\n<li><a href=\"https:\/\/fchs.unsa.edu.pe\/turismo\/wp-content\/uploads\/sites\/6\/2024\/06\/LINEAS-DE-INVESTIGACION-DE-LA-EPTH.pdf\" target=\"_blank\" rel=\"noopener\">RESOLUCION DECANAL N\u00b0 187-2023-FCHS<\/a><\/li>\n<\/ul>\n","protected":false},"excerpt":{"rendered":"<p>RCU-N\u00b0-0246-2022 L\u00edneas de investigaci\u00f3n UNSA L\u00edneas de Investigaci\u00f3n Programa de Estudio de Turismo y Hoteler\u00eda RESOLUCION DECANAL N\u00b0 187-2023-FCHS<\/p>\n","protected":false},"author":6,"featured_media":0,"parent":0,"menu_order":0,"comment_status":"closed","ping_status":"closed","template":"","meta":{"_acf_changed":false,"footnotes":""},"class_list":["post-1531","page","type-page","status-publish","hentry"],"acf":[],"_links":{"self":[{"href":"https:\/\/fchs.unsa.edu.pe\/turismo\/wp-json\/wp\/v2\/pages\/1531","targetHints":{"allow":["GET"]}}],"collection":[{"href":"https:\/\/fchs.unsa.edu.pe\/turismo\/wp-json\/wp\/v2\/pages"}],"about":[{"href":"https:\/\/fchs.unsa.edu.pe\/turismo\/wp-json\/wp\/v2\/types\/page"}],"author":[{"embeddable":true,"href":"https:\/\/fchs.unsa.edu.pe\/turismo\/wp-json\/wp\/v2\/users\/6"}],"replies":[{"embeddable":true,"href":"https:\/\/fchs.unsa.edu.pe\/turismo\/wp-json\/wp\/v2\/comments?post=1531"}],"version-history":[{"count":2,"href":"https:\/\/fchs.unsa.edu.pe\/turismo\/wp-json\/wp\/v2\/pages\/1531\/revisions"}],"predecessor-version":[{"id":1533,"href":"https:\/\/fchs.unsa.edu.pe\/turismo\/wp-json\/wp\/v2\/pages\/1531\/revisions\/1533"}],"wp:attachment":[{"href":"https:\/\/fchs.unsa.edu.pe\/turismo\/wp-json\/wp\/v2\/media?parent=1531"}],"curies":[{"name":"wp","href":"https:\/\/api.w.org\/{rel}","templated":true}]}}