{"id":1542,"date":"2024-06-05T15:05:14","date_gmt":"2024-06-05T20:05:14","guid":{"rendered":"https:\/\/fchs.unsa.edu.pe\/turismo\/?page_id=1542"},"modified":"2024-06-05T15:05:14","modified_gmt":"2024-06-05T20:05:14","slug":"documentos-para-la-obtencion-de-bachiller-y-titulo-profesional","status":"publish","type":"page","link":"https:\/\/fchs.unsa.edu.pe\/turismo\/documentos-para-la-obtencion-de-bachiller-y-titulo-profesional\/","title":{"rendered":"Documentos para la obtenci\u00f3n de bachiller y T\u00edtulo profesional"},"content":{"rendered":"<p><a href=\"https:\/\/fchs.unsa.edu.pe\/turismo\/wp-content\/uploads\/sites\/6\/2024\/06\/ANEXO-1-SOLICITUD-A-EFECTO-DE-OPTAR-GRADO-ACADEMICO-DE-BACHILLER-1.docx\" target=\"_blank\" rel=\"noopener\">Anexo 1 solicitud a efecto de optar grado de bachiller<\/a><br \/>\n<a href=\"https:\/\/fchs.unsa.edu.pe\/turismo\/wp-content\/uploads\/sites\/6\/2024\/06\/ANEXO-2-DECLARACION-JURADA-DE-NO-REGISTRAR-ANTECEDENTES.docx\" target=\"_blank\" rel=\"noopener\">Anexo 2 declaraci\u00f3n jurada de no registrar antecedentes penales<\/a><br \/>\n<a href=\"https:\/\/fchs.unsa.edu.pe\/turismo\/wp-content\/uploads\/sites\/6\/2024\/06\/ANEXO-17-SOLICITUD-INSCRIPCION-DE-PROYECTO-DE-TESIS.docx\" target=\"_blank\" rel=\"noopener\">Anexo 17 solicitud de inscripci\u00f3n de proyecto de tesis<\/a><br \/>\n<a href=\"https:\/\/fchs.unsa.edu.pe\/turismo\/wp-content\/uploads\/sites\/6\/2024\/06\/ANEXO-18-CARTA-DE-ACEPTACION-DE-ASESORAMIENTO-DE-TESIS.docx\" target=\"_blank\" rel=\"noopener\">Anexo 18 carta de aceptaci\u00f3n de asesoramiento<\/a><br \/>\n<a href=\"https:\/\/fchs.unsa.edu.pe\/turismo\/wp-content\/uploads\/sites\/6\/2024\/06\/ANEXO-19-APROBACION-PROYECTO-DE-TESIS.docx\" target=\"_blank\" rel=\"noopener\">Anexo 19 informe de aprobaci\u00f3n del proyecto de tesis<\/a><br \/>\n<a href=\"https:\/\/fchs.unsa.edu.pe\/turismo\/wp-content\/uploads\/sites\/6\/2024\/06\/ANEXO-21-INFORME-DE-CONFORMIDAD-DE-ASESORAMIENTO.docx\" target=\"_blank\" rel=\"noopener\">Anexo 21 informe de conformidad de asesoramiento<\/a><br \/>\n<a href=\"https:\/\/fchs.unsa.edu.pe\/turismo\/wp-content\/uploads\/sites\/6\/2024\/06\/ANEXO-23-ACTA-DE-CONFORMIDAD.docx\" target=\"_blank\" rel=\"noopener\">Anexo 23 acta de conformidad<\/a><br \/>\n<a href=\"https:\/\/fchs.unsa.edu.pe\/turismo\/wp-content\/uploads\/sites\/6\/2024\/06\/ANEXO-24-DICTAMEN.docx\" target=\"_blank\" rel=\"noopener\">Anexo 24 dictamen<\/a><br \/>\n<a href=\"https:\/\/fchs.unsa.edu.pe\/turismo\/wp-content\/uploads\/sites\/6\/2024\/06\/ANEXO-27-SOLICITUD-PARA-OPTAR-TITULO-PROFESIONAL-O-SEGUNDA-ESPECIALIDAD.docx\" target=\"_blank\" rel=\"noopener\">Anexo 27 solicitud para optar t\u00edtulo profesional o de segunda especialidad<\/a><\/p>\n","protected":false},"excerpt":{"rendered":"<p>Anexo 1 solicitud a efecto de optar grado de bachiller Anexo 2 declaraci\u00f3n jurada de no registrar antecedentes penales Anexo 17 solicitud de inscripci\u00f3n de proyecto de tesis Anexo 18 carta de aceptaci\u00f3n de asesoramiento Anexo 19 informe de aprobaci\u00f3n del proyecto de tesis Anexo 21 informe de conformidad de asesoramiento Anexo 23 acta de [&hellip;]<\/p>\n","protected":false},"author":6,"featured_media":0,"parent":0,"menu_order":0,"comment_status":"closed","ping_status":"closed","template":"","meta":{"_acf_changed":false,"footnotes":""},"class_list":["post-1542","page","type-page","status-publish","hentry"],"acf":[],"_links":{"self":[{"href":"https:\/\/fchs.unsa.edu.pe\/turismo\/wp-json\/wp\/v2\/pages\/1542","targetHints":{"allow":["GET"]}}],"collection":[{"href":"https:\/\/fchs.unsa.edu.pe\/turismo\/wp-json\/wp\/v2\/pages"}],"about":[{"href":"https:\/\/fchs.unsa.edu.pe\/turismo\/wp-json\/wp\/v2\/types\/page"}],"author":[{"embeddable":true,"href":"https:\/\/fchs.unsa.edu.pe\/turismo\/wp-json\/wp\/v2\/users\/6"}],"replies":[{"embeddable":true,"href":"https:\/\/fchs.unsa.edu.pe\/turismo\/wp-json\/wp\/v2\/comments?post=1542"}],"version-history":[{"count":1,"href":"https:\/\/fchs.unsa.edu.pe\/turismo\/wp-json\/wp\/v2\/pages\/1542\/revisions"}],"predecessor-version":[{"id":1543,"href":"https:\/\/fchs.unsa.edu.pe\/turismo\/wp-json\/wp\/v2\/pages\/1542\/revisions\/1543"}],"wp:attachment":[{"href":"https:\/\/fchs.unsa.edu.pe\/turismo\/wp-json\/wp\/v2\/media?parent=1542"}],"curies":[{"name":"wp","href":"https:\/\/api.w.org\/{rel}","templated":true}]}}