{"id":1548,"date":"2024-06-05T15:08:16","date_gmt":"2024-06-05T20:08:16","guid":{"rendered":"https:\/\/fchs.unsa.edu.pe\/turismo\/?page_id=1548"},"modified":"2024-06-05T15:08:31","modified_gmt":"2024-06-05T20:08:31","slug":"otros-documentos","status":"publish","type":"page","link":"https:\/\/fchs.unsa.edu.pe\/turismo\/otros-documentos\/","title":{"rendered":"Otros Documentos"},"content":{"rendered":"<p><a href=\"https:\/\/fchs.unsa.edu.pe\/turismo\/wp-content\/uploads\/sites\/6\/2024\/06\/Modelo-de-instrumento-para-validacion-de-la-investigacion-por-expertos.docx\" target=\"_blank\" rel=\"noopener\">Modelo de instrumento para validaci\u00f3n de la investigaci\u00f3n por expertos<\/a><br \/>\n<a href=\"https:\/\/fchs.unsa.edu.pe\/turismo\/wp-content\/uploads\/sites\/6\/2024\/06\/Modelo-de-instrumento-para-validacion-con-criterios-de-evaluacion-para-el-trabajo-de-investigacion-tesis.docx\" target=\"_blank\" rel=\"noopener\">Modelo de instrumento para validaci\u00f3n con criterios de evaluaci\u00f3n para el trabajo de investigaci\u00f3n (tesis)<\/a><br \/>\n<a href=\"https:\/\/fchs.unsa.edu.pe\/turismo\/wp-content\/uploads\/sites\/6\/2024\/06\/Modelo-de-caratula-para-proyecto-de-investigacion.docx\" target=\"_blank\" rel=\"noopener\">Modelo de car\u00e1tula para proyecto de investigaci\u00f3n<\/a><br \/>\n<a href=\"https:\/\/fchs.unsa.edu.pe\/turismo\/wp-content\/uploads\/sites\/6\/2024\/06\/Manual-de-la-caratula-tesis.pdf\" target=\"_blank\" rel=\"noopener\">Manual de la car\u00e1tula de la tesis<\/a><br \/>\n<a href=\"https:\/\/fchs.unsa.edu.pe\/turismo\/wp-content\/uploads\/sites\/6\/2024\/06\/Guia-Normas-APA-7ma-edicion-1.pdf\" target=\"_blank\" rel=\"noopener\">Gu\u00eda Normas Apa 7<\/a><\/p>\n","protected":false},"excerpt":{"rendered":"<p>Modelo de instrumento para validaci\u00f3n de la investigaci\u00f3n por expertos Modelo de instrumento para validaci\u00f3n con criterios de evaluaci\u00f3n para el trabajo de investigaci\u00f3n (tesis) Modelo de car\u00e1tula para proyecto de investigaci\u00f3n Manual de la car\u00e1tula de la tesis Gu\u00eda Normas Apa 7<\/p>\n","protected":false},"author":6,"featured_media":0,"parent":0,"menu_order":0,"comment_status":"closed","ping_status":"closed","template":"","meta":{"_acf_changed":false,"footnotes":""},"class_list":["post-1548","page","type-page","status-publish","hentry"],"acf":[],"_links":{"self":[{"href":"https:\/\/fchs.unsa.edu.pe\/turismo\/wp-json\/wp\/v2\/pages\/1548","targetHints":{"allow":["GET"]}}],"collection":[{"href":"https:\/\/fchs.unsa.edu.pe\/turismo\/wp-json\/wp\/v2\/pages"}],"about":[{"href":"https:\/\/fchs.unsa.edu.pe\/turismo\/wp-json\/wp\/v2\/types\/page"}],"author":[{"embeddable":true,"href":"https:\/\/fchs.unsa.edu.pe\/turismo\/wp-json\/wp\/v2\/users\/6"}],"replies":[{"embeddable":true,"href":"https:\/\/fchs.unsa.edu.pe\/turismo\/wp-json\/wp\/v2\/comments?post=1548"}],"version-history":[{"count":2,"href":"https:\/\/fchs.unsa.edu.pe\/turismo\/wp-json\/wp\/v2\/pages\/1548\/revisions"}],"predecessor-version":[{"id":1550,"href":"https:\/\/fchs.unsa.edu.pe\/turismo\/wp-json\/wp\/v2\/pages\/1548\/revisions\/1550"}],"wp:attachment":[{"href":"https:\/\/fchs.unsa.edu.pe\/turismo\/wp-json\/wp\/v2\/media?parent=1548"}],"curies":[{"name":"wp","href":"https:\/\/api.w.org\/{rel}","templated":true}]}}